{"id":3563,"date":"2023-09-22T10:32:30","date_gmt":"2023-09-22T08:32:30","guid":{"rendered":"https:\/\/denodl.com\/legal-notice\/"},"modified":"2025-04-25T10:03:59","modified_gmt":"2025-04-25T08:03:59","slug":"legal-notice","status":"publish","type":"page","link":"https:\/\/denodl.com\/pt\/legal-notice\/","title":{"rendered":"Aviso Legal"},"content":{"rendered":"<h1 class=\"wp-block-heading\">Aviso Legal<\/h1>\n\n<h2 class=\"wp-block-heading\"><strong>INFORMA\u00c7\u00c3O LEGAL<\/strong><\/h2>\n\n<p class=\"translation-block\">Em conformidade com o Artigo 10 da Lei 34\/2002, de 11 de julho, sobre Servi\u00e7os da Sociedade da Informa\u00e7\u00e3o e Com\u00e9rcio Eletr\u00f3nico (LSSICE), fornecemos a seguinte informa\u00e7\u00e3o:<\/p>\n\n<ul class=\"wp-block-list\">\n<li>Nome da Empresa: FSAGROTECHNOLOGIES SL<\/li>\n\n\n\n<li>NIF (CIF): B71382170<\/li>\n\n\n\n<li>Endere\u00e7o Registrado: Plaza Mayor 21 bajo, 31621 Sarriguren<\/li>\n\n\n\n<li>Contacto:\n\n\n<ul class=\"wp-block-list\">\n<li>Telefone: +34 948 26 34 35<\/li>\n<\/ul>\n\n\n\n<ul class=\"wp-block-list\">\n<li>Email: info@denodl.com<\/li>\n<\/ul>\n<\/li>\n<\/ul>\n\n<h2 class=\"wp-block-heading\">Limita\u00e7\u00e3o de responsabilidade<\/h2>\n\n<p>A FSESTRUCTURAS SLP disponibiliza este website corporativo como meio de promover os seus produtos e servi\u00e7os, e permitir o contacto com os clientes. A informa\u00e7\u00e3o no website \u00e9 apresentada de boa f\u00e9 como sendo precisa; no entanto, reservamo-nos o direito de a modificar sem aviso pr\u00e9vio para a atualizar, corrigir erros ou por qualquer outra raz\u00e3o no interesse da empresa ou dos nossos clientes. A contrata\u00e7\u00e3o dos produtos ou servi\u00e7os da empresa ser\u00e1 regida por or\u00e7amentos e contratos devidamente formalizados, em especial pelos termos e condi\u00e7\u00f5es publicados no website.  <\/p>\n\n<p>A empresa n\u00e3o se responsabiliza por quaisquer potenciais danos inform\u00e1ticos que os utilizadores possam sofrer ao visitar o nosso website, desde que tais danos n\u00e3o possam ser atribu\u00eddos \u00e0 empresa.<\/p>\n\n<p>A empresa tamb\u00e9m n\u00e3o se responsabiliza pelo conte\u00fado de websites de terceiros que possam estar ligados a partir deste website. A presen\u00e7a de tais links n\u00e3o implica qualquer tipo de rela\u00e7\u00e3o entre a FSESTRUCTURAS SLP e esses terceiros.<\/p>\n\n<h2 class=\"wp-block-heading\">Propriedade Intelectual<\/h2>\n\n<p>Todo o conte\u00fado deste website \u2013 incluindo textos, desenhos, gr\u00e1ficos, fotografias, imagens, v\u00eddeos, m\u00fasica, c\u00f3digo, o pr\u00f3prio design do website e quaisquer outras cria\u00e7\u00f5es \u2013 s\u00e3o propriedade da FSESTRUCTURAS SLP ou dos seus respetivos propriet\u00e1rios atrav\u00e9s da licen\u00e7a, autoriza\u00e7\u00e3o ou cess\u00e3o de direitos correspondente, e s\u00e3o protegidos pela legisla\u00e7\u00e3o de Propriedade Intelectual e Industrial.<\/p>\n\n<p>Em caso algum se deve entender que o acesso p\u00fablico ao website implica uma ren\u00fancia, transfer\u00eancia ou licen\u00e7a dos direitos detidos pela FSESTRUCTURAS SLP sobre o seu conte\u00fado.<\/p>\n\n<p>Qualquer uso do conte\u00fado do nosso website \u2013 incluindo modifica\u00e7\u00e3o, c\u00f3pia, reprodu\u00e7\u00e3o, transmiss\u00e3o, etc. \u2013 \u00e9 proibido sem autoriza\u00e7\u00e3o pr\u00e9via por escrito da empresa.<\/p>\n\n<div style=\"height:100px\" aria-hidden=\"true\" class=\"wp-block-spacer\"><\/div>","protected":false},"excerpt":{"rendered":"<p>Legal Notice Legal Information In compliance with Article 10 of Law 34\/2002, of July 11, on Information Society Services and Electronic Commerce (LSSICE), we provide the following information: Limitation of Liability FSESTRUCTURAS SLP provides this corporate website as a means of promoting its products and services, and enabling contact with customers. The information on the [&hellip;]<\/p>\n","protected":false},"author":2,"featured_media":0,"parent":0,"menu_order":0,"comment_status":"closed","ping_status":"closed","template":"","meta":{"_uag_custom_page_level_css":"","site-sidebar-layout":"default","site-content-layout":"","ast-site-content-layout":"default","site-content-style":"default","site-sidebar-style":"default","ast-global-header-display":"","ast-banner-title-visibility":"","ast-main-header-display":"","ast-hfb-above-header-display":"","ast-hfb-below-header-display":"","ast-hfb-mobile-header-display":"","site-post-title":"disabled","ast-breadcrumbs-content":"","ast-featured-img":"","footer-sml-layout":"","ast-disable-related-posts":"","theme-transparent-header-meta":"","adv-header-id-meta":"","stick-header-meta":"","header-above-stick-meta":"","header-main-stick-meta":"","header-below-stick-meta":"","astra-migrate-meta-layouts":"default","ast-page-background-enabled":"default","ast-page-background-meta":{"desktop":{"background-color":"var(--ast-global-color-4)","background-image":"","background-repeat":"repeat","background-position":"center center","background-size":"auto","background-attachment":"scroll","background-type":"","background-media":"","overlay-type":"","overlay-color":"","overlay-opacity":"","overlay-gradient":""},"tablet":{"background-color":"","background-image":"","background-repeat":"repeat","background-position":"center center","background-size":"auto","background-attachment":"scroll","background-type":"","background-media":"","overlay-type":"","overlay-color":"","overlay-opacity":"","overlay-gradient":""},"mobile":{"background-color":"","background-image":"","background-repeat":"repeat","background-position":"center center","background-size":"auto","background-attachment":"scroll","background-type":"","background-media":"","overlay-type":"","overlay-color":"","overlay-opacity":"","overlay-gradient":""}},"ast-content-background-meta":{"desktop":{"background-color":"var(--ast-global-color-5)","background-image":"","background-repeat":"repeat","background-position":"center center","background-size":"auto","background-attachment":"scroll","background-type":"","background-media":"","overlay-type":"","overlay-color":"","overlay-opacity":"","overlay-gradient":""},"tablet":{"background-color":"var(--ast-global-color-5)","background-image":"","background-repeat":"repeat","background-position":"center center","background-size":"auto","background-attachment":"scroll","background-type":"","background-media":"","overlay-type":"","overlay-color":"","overlay-opacity":"","overlay-gradient":""},"mobile":{"background-color":"var(--ast-global-color-5)","background-image":"","background-repeat":"repeat","background-position":"center center","background-size":"auto","background-attachment":"scroll","background-type":"","background-media":"","overlay-type":"","overlay-color":"","overlay-opacity":"","overlay-gradient":""}},"footnotes":""},"class_list":["post-3563","page","type-page","status-publish","hentry"],"yoast_head":"<!-- This site is optimized with the Yoast SEO plugin v27.5 - https:\/\/yoast.com\/product\/yoast-seo-wordpress\/ -->\n<title>Legal Notice - DENODL<\/title>\n<meta name=\"robots\" content=\"index, follow, max-snippet:-1, max-image-preview:large, max-video-preview:-1\" \/>\n<link rel=\"canonical\" href=\"https:\/\/denodl.com\/pt\/legal-notice\/\" \/>\n<meta property=\"og:locale\" content=\"pt_PT\" \/>\n<meta property=\"og:type\" content=\"article\" \/>\n<meta property=\"og:title\" content=\"Legal Notice - DENODL\" \/>\n<meta property=\"og:description\" content=\"Legal Notice Legal Information In compliance with Article 10 of Law 34\/2002, of July 11, on Information Society Services and Electronic Commerce (LSSICE), we provide the following information: Limitation of Liability FSESTRUCTURAS SLP provides this corporate website as a means of promoting its products and services, and enabling contact with customers. The information on the [&hellip;]\" \/>\n<meta property=\"og:url\" content=\"https:\/\/denodl.com\/pt\/legal-notice\/\" \/>\n<meta property=\"og:site_name\" content=\"DENODL\" \/>\n<meta property=\"article:modified_time\" content=\"2025-04-25T08:03:59+00:00\" \/>\n<meta name=\"twitter:card\" content=\"summary_large_image\" \/>\n<meta name=\"twitter:label1\" content=\"Tempo estimado de leitura\" \/>\n\t<meta name=\"twitter:data1\" content=\"2 minutos\" \/>\n<script type=\"application\/ld+json\" class=\"yoast-schema-graph\">{\"@context\":\"https:\\\/\\\/schema.org\",\"@graph\":[{\"@type\":\"WebPage\",\"@id\":\"https:\\\/\\\/denodl.com\\\/legal-notice\\\/\",\"url\":\"https:\\\/\\\/denodl.com\\\/legal-notice\\\/\",\"name\":\"Legal Notice - DENODL\",\"isPartOf\":{\"@id\":\"https:\\\/\\\/denodl.com\\\/#website\"},\"datePublished\":\"2023-09-22T08:32:30+00:00\",\"dateModified\":\"2025-04-25T08:03:59+00:00\",\"breadcrumb\":{\"@id\":\"https:\\\/\\\/denodl.com\\\/legal-notice\\\/#breadcrumb\"},\"inLanguage\":\"pt-PT\",\"potentialAction\":[{\"@type\":\"ReadAction\",\"target\":[\"https:\\\/\\\/denodl.com\\\/legal-notice\\\/\"]}]},{\"@type\":\"BreadcrumbList\",\"@id\":\"https:\\\/\\\/denodl.com\\\/legal-notice\\\/#breadcrumb\",\"itemListElement\":[{\"@type\":\"ListItem\",\"position\":1,\"name\":\"Portada\",\"item\":\"https:\\\/\\\/denodl.com\\\/\"},{\"@type\":\"ListItem\",\"position\":2,\"name\":\"Legal Notice\"}]},{\"@type\":\"WebSite\",\"@id\":\"https:\\\/\\\/denodl.com\\\/#website\",\"url\":\"https:\\\/\\\/denodl.com\\\/\",\"name\":\"DENODL\",\"description\":\"Transformamos la alta tecnolog\u00eda en soluciones sencillas pensadas para facilitar la vida de las personas\",\"publisher\":{\"@id\":\"https:\\\/\\\/denodl.com\\\/#organization\"},\"potentialAction\":[{\"@type\":\"SearchAction\",\"target\":{\"@type\":\"EntryPoint\",\"urlTemplate\":\"https:\\\/\\\/denodl.com\\\/?s={search_term_string}\"},\"query-input\":{\"@type\":\"PropertyValueSpecification\",\"valueRequired\":true,\"valueName\":\"search_term_string\"}}],\"inLanguage\":\"pt-PT\"},{\"@type\":\"Organization\",\"@id\":\"https:\\\/\\\/denodl.com\\\/#organization\",\"name\":\"DENODL\",\"url\":\"https:\\\/\\\/denodl.com\\\/\",\"logo\":{\"@type\":\"ImageObject\",\"inLanguage\":\"pt-PT\",\"@id\":\"https:\\\/\\\/denodl.com\\\/#\\\/schema\\\/logo\\\/image\\\/\",\"url\":\"https:\\\/\\\/denodl.com\\\/wp-content\\\/uploads\\\/2025\\\/10\\\/cropped-20240509_marcaDenodl_AAFF_isologoSloganPosPantone221C-scaled-e1761225377575.png\",\"contentUrl\":\"https:\\\/\\\/denodl.com\\\/wp-content\\\/uploads\\\/2025\\\/10\\\/cropped-20240509_marcaDenodl_AAFF_isologoSloganPosPantone221C-scaled-e1761225377575.png\",\"width\":1080,\"height\":360,\"caption\":\"DENODL\"},\"image\":{\"@id\":\"https:\\\/\\\/denodl.com\\\/#\\\/schema\\\/logo\\\/image\\\/\"}}]}<\/script>\n<!-- \/ Yoast SEO plugin. -->","yoast_head_json":{"title":"Legal Notice - DENODL","robots":{"index":"index","follow":"follow","max-snippet":"max-snippet:-1","max-image-preview":"max-image-preview:large","max-video-preview":"max-video-preview:-1"},"canonical":"https:\/\/denodl.com\/pt\/legal-notice\/","og_locale":"pt_PT","og_type":"article","og_title":"Legal Notice - DENODL","og_description":"Legal Notice Legal Information In compliance with Article 10 of Law 34\/2002, of July 11, on Information Society Services and Electronic Commerce (LSSICE), we provide the following information: Limitation of Liability FSESTRUCTURAS SLP provides this corporate website as a means of promoting its products and services, and enabling contact with customers. The information on the [&hellip;]","og_url":"https:\/\/denodl.com\/pt\/legal-notice\/","og_site_name":"DENODL","article_modified_time":"2025-04-25T08:03:59+00:00","twitter_card":"summary_large_image","twitter_misc":{"Tempo estimado de leitura":"2 minutos"},"schema":{"@context":"https:\/\/schema.org","@graph":[{"@type":"WebPage","@id":"https:\/\/denodl.com\/legal-notice\/","url":"https:\/\/denodl.com\/legal-notice\/","name":"Legal Notice - DENODL","isPartOf":{"@id":"https:\/\/denodl.com\/#website"},"datePublished":"2023-09-22T08:32:30+00:00","dateModified":"2025-04-25T08:03:59+00:00","breadcrumb":{"@id":"https:\/\/denodl.com\/legal-notice\/#breadcrumb"},"inLanguage":"pt-PT","potentialAction":[{"@type":"ReadAction","target":["https:\/\/denodl.com\/legal-notice\/"]}]},{"@type":"BreadcrumbList","@id":"https:\/\/denodl.com\/legal-notice\/#breadcrumb","itemListElement":[{"@type":"ListItem","position":1,"name":"Portada","item":"https:\/\/denodl.com\/"},{"@type":"ListItem","position":2,"name":"Legal Notice"}]},{"@type":"WebSite","@id":"https:\/\/denodl.com\/#website","url":"https:\/\/denodl.com\/","name":"DENODL","description":"Transformamos la alta tecnolog\u00eda en soluciones sencillas pensadas para facilitar la vida de las personas","publisher":{"@id":"https:\/\/denodl.com\/#organization"},"potentialAction":[{"@type":"SearchAction","target":{"@type":"EntryPoint","urlTemplate":"https:\/\/denodl.com\/?s={search_term_string}"},"query-input":{"@type":"PropertyValueSpecification","valueRequired":true,"valueName":"search_term_string"}}],"inLanguage":"pt-PT"},{"@type":"Organization","@id":"https:\/\/denodl.com\/#organization","name":"DENODL","url":"https:\/\/denodl.com\/","logo":{"@type":"ImageObject","inLanguage":"pt-PT","@id":"https:\/\/denodl.com\/#\/schema\/logo\/image\/","url":"https:\/\/denodl.com\/wp-content\/uploads\/2025\/10\/cropped-20240509_marcaDenodl_AAFF_isologoSloganPosPantone221C-scaled-e1761225377575.png","contentUrl":"https:\/\/denodl.com\/wp-content\/uploads\/2025\/10\/cropped-20240509_marcaDenodl_AAFF_isologoSloganPosPantone221C-scaled-e1761225377575.png","width":1080,"height":360,"caption":"DENODL"},"image":{"@id":"https:\/\/denodl.com\/#\/schema\/logo\/image\/"}}]}},"uagb_featured_image_src":{"full":false,"thumbnail":false,"medium":false,"medium_large":false,"large":false,"1536x1536":false,"2048x2048":false,"trp-custom-language-flag":false},"uagb_author_info":{"display_name":"fsarria","author_link":"https:\/\/denodl.com\/pt\/author\/fsarria\/"},"uagb_comment_info":0,"uagb_excerpt":"Legal Notice Legal Information In compliance with Article 10 of Law 34\/2002, of July 11, on Information Society Services and Electronic Commerce (LSSICE), we provide the following information: Limitation of Liability FSESTRUCTURAS SLP provides this corporate website as a means of promoting its products and services, and enabling contact with customers. The information on the&hellip;","_links":{"self":[{"href":"https:\/\/denodl.com\/pt\/wp-json\/wp\/v2\/pages\/3563","targetHints":{"allow":["GET"]}}],"collection":[{"href":"https:\/\/denodl.com\/pt\/wp-json\/wp\/v2\/pages"}],"about":[{"href":"https:\/\/denodl.com\/pt\/wp-json\/wp\/v2\/types\/page"}],"author":[{"embeddable":true,"href":"https:\/\/denodl.com\/pt\/wp-json\/wp\/v2\/users\/2"}],"replies":[{"embeddable":true,"href":"https:\/\/denodl.com\/pt\/wp-json\/wp\/v2\/comments?post=3563"}],"version-history":[{"count":1,"href":"https:\/\/denodl.com\/pt\/wp-json\/wp\/v2\/pages\/3563\/revisions"}],"predecessor-version":[{"id":3564,"href":"https:\/\/denodl.com\/pt\/wp-json\/wp\/v2\/pages\/3563\/revisions\/3564"}],"wp:attachment":[{"href":"https:\/\/denodl.com\/pt\/wp-json\/wp\/v2\/media?parent=3563"}],"curies":[{"name":"wp","href":"https:\/\/api.w.org\/{rel}","templated":true}]}}